{"id":10,"date":"2017-08-30T15:16:49","date_gmt":"2017-08-30T13:16:49","guid":{"rendered":"http:\/\/tkd-club-arras.fr\/?page_id=10"},"modified":"2023-09-06T18:18:05","modified_gmt":"2023-09-06T16:18:05","slug":"reglement","status":"publish","type":"page","link":"https:\/\/tkd-club-arras.fr\/index.php\/reglement\/","title":{"rendered":"R\u00e8glement int\u00e9rieur"},"content":{"rendered":"<p>Toute personne adh\u00e9rant au club ou p\u00e9n\u00e9trant dans les locaux est tenue de prendre connaissance et de se conformer au pr\u00e9sent r\u00e8glement.<\/p>\n<h3>Le Dojang, le Dobok, l\u2019hygi\u00e8ne<\/h3>\n<p>Art 1 : Le Dojang est un lieu sacr\u00e9, o\u00f9 la discipline et le respect restent des \u00e9l\u00e9ments de vie incontournables envers l\u2019enseignant, les assistants, les membres du bureau et les \u00e9quipements mis \u00e0 disposition. Les r\u00e8gles de bases sont : respect du Dojang, de l\u2019enseignant et des assistants, confiance en l\u2019enseignement. Il s\u2019effectuera par un salut avant d\u2019entrer sur le tapis, \u00e0 la sortie, ainsi qu\u2019a la fin du cours. L&rsquo;enseignant en charge du cours est le seul ma\u00eetre sur le tapis. Il est en droit d\u2019attendre et d\u2019exiger de chacun : attention, tenue et motivation. Aucun \u00e9l\u00e8ve ne sera autoris\u00e9 \u00e0 sortir du tapis en dehors de la pause accord\u00e9e durant l\u2019entra\u00eenement, sauf en cas d\u2019accident.<\/p>\n<p>Art 2 : Les membres du club sont invit\u00e9s \u00e0 assister aux cours, aux stages avec ponctualit\u00e9, assiduit\u00e9 et r\u00e9gularit\u00e9. Chaque adh\u00e9rent sera sollicit\u00e9 pour participer \u00e0 la vie du Dojang et y apporter sa contribution par le b\u00e9n\u00e9volat et\/ou la participation \u00e0 des animations ext\u00e9rieures. Chaque \u00e9l\u00e8ve est le garant de la discipline, des r\u00e8gles de fonctionnement du Dojang, sous la direction de l\u2019enseignant (lui ou les membres du bureau ont le pouvoir d\u2019accepter ou non l\u2019inscription d\u2019un \u00e9l\u00e8ve). Aucun chahut, d\u00e9bordement et bavardage ne seront tol\u00e9r\u00e9 pendant le cours.<\/p>\n<p>Art 3 : Les membres du club se doivent de pratiquer la politesse, le respect et la courtoisie entre eux, envers leurs enseignants, envers les membres du bureau, comme envers les personnes \u00e9trang\u00e8res au club. Aucune violence, m\u00eame verbale, entre les \u00e9l\u00e8ves ou envers les entraineurs ne sera tol\u00e9r\u00e9e.<\/p>\n<p>Art 4 : L\u2019acc\u00e8s aux locaux du club, l&rsquo;utilisation des vestiaires et la sortie des cours doivent s\u2019effectuer dans le calme. Les retardataires \u00e9ventuels sont tenus de r\u00e9duire les d\u00e9lais de mise en tenue dans les vestiaires (ceci dans le plus strict silence) et doivent demander l\u2019accord \u00e0 l\u2019entraineur pour entrer sur le tapis.<\/p>\n<p>Art 5 : Toute d\u00e9gradation volontaire des locaux ou du mat\u00e9riel entra\u00eenera des sanctions disciplinaires et le remboursement des dommages caus\u00e9s.<\/p>\n<p>Art 6 : Le Dobok, tenue r\u00e9glementaire pour la pratique doit \u00eatre tenu en bon \u00e9tat de propret\u00e9 et de pr\u00e9sentation. Aucun tee-shirt ne doit \u00eatre port\u00e9 dessous sauf pour les pratiquantes (ce tee-shirt doit \u00eatre blanc).<\/p>\n<p>Art 7 : Pour la commodit\u00e9 de chacun, il est exig\u00e9 une hygi\u00e8ne corporelle stricte qui ne se limite pas \u00e0 la taille obligatoire, des ongles des mains et des pieds. Les cheveux longs doivent id\u00e9alement \u00eatre attach\u00e9s.<\/p>\n<p>Art 8 : Aucun bijoux n\u2019est tol\u00e9r\u00e9 pendant l\u2019entrainement : ni montre, ni cha\u00eene, ni pendentifs, ni boucles d\u2019oreilles, ni piercing qui pourrait \u00eatre arrach\u00e9 lors de l\u2019entrainement : l\u2019entraineur se r\u00e9serve le droit d\u2019exclure tout adh\u00e8rent ne respectant pas ces principes de bases. Le club d\u00e9cline toute responsabilit\u00e9 si accident engendr\u00e9 par le non-respect de ces r\u00e8gles.<\/p>\n<h3>La responsabilit\u00e9 du club et pr\u00e9sence des parents<\/h3>\n<p>Art 9 : La responsabilit\u00e9 du club envers les pratiquants lors des entra\u00eenements ou stages commence lorsque l\u2019enseignant d\u00e9marre son cours et s\u2019arr\u00eate quant le cours ou le stage se termine et ce dans les cr\u00e9neaux horaires initialement pr\u00e9vus et d\u00e9termin\u00e9s en d\u00e9but d\u2019ann\u00e9e sportive, ou annonc\u00e9s en cours d\u2019ann\u00e9e. Le club d\u00e9cline toute responsabilit\u00e9 en dehors de ces cr\u00e9neaux horaires et en cas d\u2019absence de l\u2019enseignant. De plus, le club n\u2019est pas tenu responsable de la surveillance des \u00e9l\u00e8ves en dehors des heures d\u2019entra\u00eenements.<\/p>\n<h3>Inscriptions et pr\u00eats de mat\u00e9riel<\/h3>\n<p>Art 10 : Les cotisations sont \u00e0 r\u00e9gler d\u00e8s l\u2019inscription, sauf arrangement particulier pris avec le bureau. Les paiements \u00e9tal\u00e9s ne se font que sur le montant de la cotisation. Le montant de la licence et le cas \u00e9ch\u00e9ant du passeport sont d\u00fb imm\u00e9diatement. Toute personne qui ne sera pas \u00e0 jour du paiement de sa cotisation ne pourra pratiquer le Taekwondo au sein du club. Le Club ne remboursera aucune cotisation vers\u00e9e, encaiss\u00e9e ou non. Le club ne rembourse pas la diff\u00e9rence des ch\u00e8ques ticket loisir. Il appartient \u00e0 l\u2019adh\u00e9rent de faire l\u2019appoint. Les versements en esp\u00e8ces feront l\u2019objet d\u2019un re\u00e7u.<\/p>\n<p>Art 11 : Pour les combattants : le trousseau doit comprendre un plastron, casque, prot\u00e8ges bras, prot\u00e8ges-tibias-pieds, mitaine, prot\u00e8ge-dents et coquille pour des r\u00e8gles de s\u00e9curit\u00e9 et d\u2019hygi\u00e8ne qui restent \u00e0 la charge de l\u2019adh\u00e9rent, se renseigner au club pour des prix sportifs.<\/p>\n<blockquote><p><strong>Tout manquement grave ou renouvel\u00e9 aux articles du pr\u00e9sent r\u00e8glement<br \/>\nainsi qu\u2019aux r\u00e8gles \u00e9l\u00e9mentaires de moralit\u00e9 et de bonne tenue entra\u00eeneront l\u2019exclusion<\/strong><\/p><\/blockquote>\n","protected":false},"excerpt":{"rendered":"<p>Toute personne adh\u00e9rant au club ou p\u00e9n\u00e9trant dans les locaux est tenue de prendre connaissance et de se conformer au pr\u00e9sent r\u00e8glement. Le Dojang, le Dobok, l\u2019hygi\u00e8ne Art 1 : Le Dojang est un lieu sacr\u00e9, o\u00f9 la discipline et le respect restent des \u00e9l\u00e9ments de vie incontournables envers l\u2019enseignant,<span class=\"more-link\"><a href=\"https:\/\/tkd-club-arras.fr\/index.php\/reglement\/\">Lire la suite&#8230;<\/a><\/span><\/p>\n","protected":false},"author":1,"featured_media":0,"parent":0,"menu_order":0,"comment_status":"closed","ping_status":"closed","template":"","meta":{"footnotes":""},"class_list":["entry","author-admin8983","post-10","page","type-page","status-publish"],"_links":{"self":[{"href":"https:\/\/tkd-club-arras.fr\/index.php\/wp-json\/wp\/v2\/pages\/10","targetHints":{"allow":["GET"]}}],"collection":[{"href":"https:\/\/tkd-club-arras.fr\/index.php\/wp-json\/wp\/v2\/pages"}],"about":[{"href":"https:\/\/tkd-club-arras.fr\/index.php\/wp-json\/wp\/v2\/types\/page"}],"author":[{"embeddable":true,"href":"https:\/\/tkd-club-arras.fr\/index.php\/wp-json\/wp\/v2\/users\/1"}],"replies":[{"embeddable":true,"href":"https:\/\/tkd-club-arras.fr\/index.php\/wp-json\/wp\/v2\/comments?post=10"}],"version-history":[{"count":4,"href":"https:\/\/tkd-club-arras.fr\/index.php\/wp-json\/wp\/v2\/pages\/10\/revisions"}],"predecessor-version":[{"id":1225,"href":"https:\/\/tkd-club-arras.fr\/index.php\/wp-json\/wp\/v2\/pages\/10\/revisions\/1225"}],"wp:attachment":[{"href":"https:\/\/tkd-club-arras.fr\/index.php\/wp-json\/wp\/v2\/media?parent=10"}],"curies":[{"name":"wp","href":"https:\/\/api.w.org\/{rel}","templated":true}]}}